{"id":65,"date":"2018-03-18T15:21:58","date_gmt":"2018-03-18T15:21:58","guid":{"rendered":"https:\/\/tentedetoit.trekking.fr\/?post_type=product&#038;p=65"},"modified":"2021-03-01T00:13:09","modified_gmt":"2021-03-01T00:13:09","slug":"tente-de-toit-oasis","status":"publish","type":"product","link":"https:\/\/tentedetoit.trekking.fr\/it\/produit\/tente-de-toit-oasis\/","title":{"rendered":"OASIS"},"content":{"rendered":"<p><iframe loading=\"lazy\" src=\"https:\/\/www.youtube-nocookie.com\/embed\/0KuSoOrohtA?rel=0\" width=\"400\" height=\"225\" frameborder=\"0\" allowfullscreen=\"allowfullscreen\"><\/iframe><\/p>\n<h3>Les avantages de la tente de toit Oasis :<\/h3>\n<p>1\/ Simple : Installation en moins de 5 min sur tous les types de barre de toit, avec un kit de fixation am\u00e9lior\u00e9 et pratique.<br \/>\n2\/ L\u00e9g\u00e8re. Fabrication en aluminium type aviation pour une plus grande rigidit\u00e9.<br \/>\n3\/ \u00c9quilibre : Le tenue de route de votre v\u00e9hicule ne sera pas p\u00e9nalis\u00e9e par la n\u00e9gligeable modification du centre de gravit\u00e9.<br \/>\n4\/ Spacieuse : 240 x 145 cm (dimensions internes maxi).<br \/>\n5\/ Double toit : Appr\u00e9ciable dans les r\u00e9gions humides, \u00e9limine les d\u00e9sagr\u00e9ables ph\u00e9nom\u00e8nes de condensation dans la tente.<br \/>\n6\/ \u00c9chelle : Plus compacte, plus l\u00e9g\u00e8re et simple d&#8217;utilisation (en option).<br \/>\n7\/ Pratique : Vous pourrez aussi transporter sur vos barres de toit des plaques de d\u00e9sensablement, une planche de surf, des skis&#8230;.<\/p>\n<h3>Points forts de la tente de toit OASIS<\/h3>\n<p>DIMENSIONS<br \/>\nLa tente de toit Oasis peut accueillir confortablement 2 adultes :<br \/>\nDimensions ouvert : Long 240 cm x Larg 145 cm x haut 115 cm<br \/>\nDimensions pli\u00e9 : 145 x 145 x 20 cm<br \/>\nDOUBLE TOIT<br \/>\nLa tente de toit Oasis inaugure un nouveau concept d\u2019entoilage : le double toit. Ce concept \u00e9limine ainsi tout risque de condensation inh\u00e9rent aux tentes traditionnelles.<br \/>\nPOIDS<br \/>\nAvantage d\u00e9cisif de la tente Oasis : elle ne p\u00e8se que 17 Kg, soit 3 fois moins que les tentes rigides !<\/p>\n<h3>Installation<\/h3>\n<p>Une seule personne peut l\u2019installer sans aucune assistance sur le toit d\u2019un 4&#215;4, m\u00eame sur\u00e9lev\u00e9.<br \/>\nAU SOL<br \/>\nBien s\u00fbr, l\u2019OASIS peut \u00eatre pos\u00e9e directement sur le sol, et peut aussi vous servir pour recevoir des amis dans votre jardin.<\/p>\n<h3>Fabrication<\/h3>\n<p>L&#8217; entoilage de l&#8217;Oasis est r\u00e9alis\u00e9 dans une toile Nylon Oxford 350 deniers, trait\u00e9e d\u00e9perlant avec une enduction polyur\u00e9thane. Toutes les coutures sont soud\u00e9es pour une parfaite \u00e9tanch\u00e9it\u00e9.<br \/>\nLe ch\u00e2ssis est en aluminium. Ce qui conf\u00e8re \u00e0 l&#8217;Oasis des qualit\u00e9s de solidit\u00e9, durabilit\u00e9, et gain de poids.<br \/>\nLe couchage est constitu\u00e9 d&#8217;une robuste toile tendue en PVC (sur le m\u00eame principe que les lits de camp) recouvert d&#8217;un matelas haute densit\u00e9 assurant un excellent confort et une bonne isolation thermique en toutes circonstances.<\/p>\n<h3>Installation<\/h3>\n<p>Pour les amateurs de raid en 4&#215;4, l\u2019OASIS sera sans aucun doute le meilleur choix !<br \/>\nCe mod\u00e8le peut \u00eatre install\u00e9 par une personne seule.<br \/>\nDeux barres de galerie suffisent. Avec les pattes d&#8217;attache et les \u00e9crous papillon livr\u00e9s d\u2019origine, vous l\u2019installerez en moins de 5 minutes. Ainsi \u00e9quip\u00e9 votre v\u00e9hicule vous permettra de dormir confortablement \u00e0 l\u2019abri de l\u2019humidit\u00e9 du sol, des insectes rampants et volants.<\/p>\n<h3>\u00c9quipement d&#8217;origine<\/h3>\n<p>La tente OASIS est \u00e9quip\u00e9e d&#8217;un matelas haute densit\u00e9, confortable et isolant.<br \/>\nPour prot\u00e9ger l\u2019OASIS sur la route, la tente est \u00e9quip\u00e9e d&#8217; une robuste de b\u00e2che en PVC. Elle est facile \u00e0 installer et \u00e0 maintenir gr\u00e2ce \u00e0 des bandes velcro et des boucles rapides.<br \/>\nPour la fixation sur les barres de toit, l&#8217; OASIS est livr\u00e9e avec un kit de connexion complet, une clef de 13 et une clef de 10.<\/p>\n<h3>Connexion avec les barres de toit.<\/h3>\n<p>\u2022 4 verrouillages pour fixation sur les barres de toit, avec clef 13\/15<br \/>\n\u2022 \u00c9crous pour fixation des 2 rails sur la tente OASIS , avec clef 8\/10<br \/>\n\u2022 Embouts pour les 2 rails<br \/>\n\u2022 Sac contenant l&#8217;ensemble des accessoires de fixation.<br \/>\n<iframe loading=\"lazy\" src=\"https:\/\/www.youtube-nocookie.com\/embed\/E4IrxdW6Bz8?rel=0\" width=\"400\" height=\"225\" frameborder=\"0\" allowfullscreen=\"allowfullscreen\"><\/iframe><\/p>\n<h3>Pour aller plus loin<\/h3>\n<p><a href=\"https:\/\/tentedetoit.trekking.fr\/wp-content\/uploads\/2018\/05\/essai-toyota-tente-de-toit-oasis.pdf\" target=\"_blank\" rel=\"noopener\">Lire l&#8217;essai paru dans Toyota Landcruiser magazine<\/a><\/p>\n","protected":false},"excerpt":{"rendered":"<p>La tende da tetto OASIS \u00e8 la piu leggera delle tende da tetto\u00a0: 17 kg\u00a0 solamente.<br \/>\nHa ricevuto la medaglia d\u2019Argento\u00a0 alla fiera degli Invenzioni di Ginevra.<br \/>\nLa tende da tetto OASIS \u00e8 concepita per adattarsi facilmente su tutti i tetti dei veicoli tipo monospazio, SUV et 4&#215;4.<br \/>\nIl montaggio\u00a0 della tenda \u00e8 molto rapido\u00a0: meno di un minuto . L\u2019apertura dell\u2019OASIS viene assistita da due ammortizzatori hidraulici ,\u00a0 si\u00a0 apre senza sforzi ed \u00e8 pronta all\u2019uso.<br \/>\nE attrezzata da un\u00a0 materazzo \u00ab\u00a0alta densit\u00e0\u00a0\u00bb da 50mm di spessore.<br \/>\nIL doppio\u00a0 tetto\u00a0 impermeabilizzato\u00a0 protegge dalle alte temperature e elimina la condenza .<br \/>\nLa tende OASIS puo\u2019\u00a0 anche essere installata direttamente per terra, una configurazione molto comoda\u00a0 e confortevole, al \u00a0riparo dell\u2019umidit\u00e0 del suolo e degli insetti.<br \/>\nGli accessori forniti sono \u00a0: 4 fissazioni per sbarre da tetto con una chiave da montaggio.<br \/>\nDimensioni\u00a0: 230 x 140 cm.<br \/>\nLa scala telescopica\u00a0 ( in opzional)\u00a0 \u00e8 consegnata con fodera da trasporto.<\/p>\n","protected":false},"featured_media":667,"template":"","meta":{"_themeisle_gutenberg_block_has_review":false},"yoast_head":"<!-- This site is optimized with the Yoast SEO plugin v15.8 - https:\/\/yoast.com\/wordpress\/plugins\/seo\/ -->\n<title>Tente de toit OASIS Trekking : la plus l\u00e9g\u00e8re des tentes de toit<\/title>\n<meta name=\"description\" content=\"La tente de toit OASIS est la plus l\u00e9g\u00e8re des tentes de toit : 17 Kg seulement. Elle a obtenu la m\u00e9daille d&#039;or au Salon des Inventions de Gen\u00e8ve.Installation rapide.D\u00e9ploiement rapide gr\u00e2ce \u00e0 deux v\u00e9rins.Matelas haute densit\u00e9. Prix : 790\u20ac\" \/>\n<meta name=\"robots\" content=\"index, follow, max-snippet:-1, max-image-preview:large, max-video-preview:-1\" \/>\n<link rel=\"canonical\" href=\"https:\/\/tentedetoit.trekking.fr\/it\/produit\/tente-de-toit-oasis\/\" \/>\n<meta property=\"og:locale\" content=\"it_IT\" \/>\n<meta property=\"og:type\" content=\"article\" \/>\n<meta property=\"og:title\" content=\"Tente de toit OASIS Trekking : la plus l\u00e9g\u00e8re des tentes de toit\" \/>\n<meta property=\"og:description\" content=\"La tente de toit OASIS est la plus l\u00e9g\u00e8re des tentes de toit : 17 Kg seulement. Elle a obtenu la m\u00e9daille d&#039;or au Salon des Inventions de Gen\u00e8ve.Installation rapide.D\u00e9ploiement rapide gr\u00e2ce \u00e0 deux v\u00e9rins.Matelas haute densit\u00e9. Prix : 790\u20ac\" \/>\n<meta property=\"og:url\" content=\"https:\/\/tentedetoit.trekking.fr\/it\/produit\/tente-de-toit-oasis\/\" \/>\n<meta property=\"og:site_name\" content=\"Tente de Toit\" \/>\n<meta property=\"article:publisher\" content=\"https:\/\/www.facebook.com\/trekking.sarl\/\" \/>\n<meta property=\"article:modified_time\" content=\"2021-03-01T00:13:09+00:00\" \/>\n<meta property=\"og:image\" content=\"https:\/\/tentedetoit.trekking.fr\/wp-content\/uploads\/2018\/03\/OASIS-2018-4.jpg\" \/>\n\t<meta property=\"og:image:width\" content=\"1280\" \/>\n\t<meta property=\"og:image:height\" content=\"960\" \/>\n<meta name=\"twitter:card\" content=\"summary_large_image\" \/>\n<meta name=\"twitter:label1\" content=\"Tempo di lettura stimato\">\n\t<meta name=\"twitter:data1\" content=\"6 minuti\">\n<script type=\"application\/ld+json\" class=\"yoast-schema-graph\">{\"@context\":\"https:\/\/schema.org\",\"@graph\":[{\"@type\":\"Organization\",\"@id\":\"https:\/\/tentedetoit.trekking.fr\/it\/#organization\",\"name\":\"Trekking Tentes de Toit\",\"url\":\"https:\/\/tentedetoit.trekking.fr\/it\/\",\"sameAs\":[\"https:\/\/www.facebook.com\/trekking.sarl\/\",\"https:\/\/www.youtube.com\/channel\/UCbR8MniCp3z7hugKdA3CvnQ\"],\"logo\":{\"@type\":\"ImageObject\",\"@id\":\"https:\/\/tentedetoit.trekking.fr\/it\/#logo\",\"inLanguage\":\"it\",\"url\":\"https:\/\/tentedetoit.trekking.fr\/wp-content\/uploads\/2018\/04\/OASIS-1.jpg\",\"width\":1024,\"height\":683,\"caption\":\"Trekking Tentes de Toit\"},\"image\":{\"@id\":\"https:\/\/tentedetoit.trekking.fr\/it\/#logo\"}},{\"@type\":\"WebSite\",\"@id\":\"https:\/\/tentedetoit.trekking.fr\/it\/#website\",\"url\":\"https:\/\/tentedetoit.trekking.fr\/it\/\",\"name\":\"Tente de Toit\",\"description\":\"Tente de toit pour voitures et 4x4\",\"publisher\":{\"@id\":\"https:\/\/tentedetoit.trekking.fr\/it\/#organization\"},\"potentialAction\":[{\"@type\":\"SearchAction\",\"target\":\"https:\/\/tentedetoit.trekking.fr\/it\/?s={search_term_string}\",\"query-input\":\"required name=search_term_string\"}],\"inLanguage\":\"it\"},{\"@type\":\"ImageObject\",\"@id\":\"https:\/\/tentedetoit.trekking.fr\/it\/produit\/tente-de-toit-oasis\/#primaryimage\",\"inLanguage\":\"it\",\"url\":\"https:\/\/tentedetoit.trekking.fr\/wp-content\/uploads\/2018\/03\/OASIS-2018-4.jpg\",\"width\":1280,\"height\":960,\"caption\":\"TENTE DE TOIT TREKKING OASIS\"},{\"@type\":\"WebPage\",\"@id\":\"https:\/\/tentedetoit.trekking.fr\/it\/produit\/tente-de-toit-oasis\/#webpage\",\"url\":\"https:\/\/tentedetoit.trekking.fr\/it\/produit\/tente-de-toit-oasis\/\",\"name\":\"Tente de toit OASIS Trekking : la plus l\\u00e9g\\u00e8re des tentes de toit\",\"isPartOf\":{\"@id\":\"https:\/\/tentedetoit.trekking.fr\/it\/#website\"},\"primaryImageOfPage\":{\"@id\":\"https:\/\/tentedetoit.trekking.fr\/it\/produit\/tente-de-toit-oasis\/#primaryimage\"},\"datePublished\":\"2018-03-18T15:21:58+00:00\",\"dateModified\":\"2021-03-01T00:13:09+00:00\",\"description\":\"La tente de toit OASIS est la plus l\\u00e9g\\u00e8re des tentes de toit : 17 Kg seulement. Elle a obtenu la m\\u00e9daille d'or au Salon des Inventions de Gen\\u00e8ve.Installation rapide.D\\u00e9ploiement rapide gr\\u00e2ce \\u00e0 deux v\\u00e9rins.Matelas haute densit\\u00e9. Prix : 790\\u20ac\",\"breadcrumb\":{\"@id\":\"https:\/\/tentedetoit.trekking.fr\/it\/produit\/tente-de-toit-oasis\/#breadcrumb\"},\"inLanguage\":\"it\",\"potentialAction\":[{\"@type\":\"ReadAction\",\"target\":[\"https:\/\/tentedetoit.trekking.fr\/it\/produit\/tente-de-toit-oasis\/\"]}]},{\"@type\":\"BreadcrumbList\",\"@id\":\"https:\/\/tentedetoit.trekking.fr\/it\/produit\/tente-de-toit-oasis\/#breadcrumb\",\"itemListElement\":[{\"@type\":\"ListItem\",\"position\":1,\"item\":{\"@type\":\"WebPage\",\"@id\":\"https:\/\/tentedetoit.trekking.fr\/it\/\",\"url\":\"https:\/\/tentedetoit.trekking.fr\/it\/\",\"name\":\"Accueil\"}},{\"@type\":\"ListItem\",\"position\":2,\"item\":{\"@type\":\"WebPage\",\"@id\":\"https:\/\/tentedetoit.trekking.fr\/it\/\",\"url\":\"https:\/\/tentedetoit.trekking.fr\/it\/\",\"name\":\"Tenda da tetto per auto e 4&#215;4\"}},{\"@type\":\"ListItem\",\"position\":3,\"item\":{\"@type\":\"WebPage\",\"@id\":\"https:\/\/tentedetoit.trekking.fr\/it\/produit\/tente-de-toit-oasis\/\",\"url\":\"https:\/\/tentedetoit.trekking.fr\/it\/produit\/tente-de-toit-oasis\/\",\"name\":\"OASIS\"}}]}]}<\/script>\n<!-- \/ Yoast SEO plugin. -->","_links":{"self":[{"href":"https:\/\/tentedetoit.trekking.fr\/it\/wp-json\/wp\/v2\/product\/65"}],"collection":[{"href":"https:\/\/tentedetoit.trekking.fr\/it\/wp-json\/wp\/v2\/product"}],"about":[{"href":"https:\/\/tentedetoit.trekking.fr\/it\/wp-json\/wp\/v2\/types\/product"}],"version-history":[{"count":35,"href":"https:\/\/tentedetoit.trekking.fr\/it\/wp-json\/wp\/v2\/product\/65\/revisions"}],"predecessor-version":[{"id":967,"href":"https:\/\/tentedetoit.trekking.fr\/it\/wp-json\/wp\/v2\/product\/65\/revisions\/967"}],"wp:featuredmedia":[{"embeddable":true,"href":"https:\/\/tentedetoit.trekking.fr\/it\/wp-json\/wp\/v2\/media\/667"}],"wp:attachment":[{"href":"https:\/\/tentedetoit.trekking.fr\/it\/wp-json\/wp\/v2\/media?parent=65"}],"curies":[{"name":"wp","href":"https:\/\/api.w.org\/{rel}","templated":true}]}}