{"id":137,"date":"2018-04-06T05:51:39","date_gmt":"2018-04-06T05:51:39","guid":{"rendered":"https:\/\/tentedetoit.trekking.fr\/?post_type=product&#038;p=137"},"modified":"2020-01-01T00:20:53","modified_gmt":"2020-01-01T00:20:53","slug":"filet-de-galerie-elastique","status":"publish","type":"product","link":"https:\/\/tentedetoit.trekking.fr\/it\/produit\/filet-de-galerie-elastique\/","title":{"rendered":"Filet de galerie \u00e9lastique"},"content":{"rendered":"<h3>Filet de galerie de toit \u00e9lastique haute densit\u00e9<\/h3>\n<p>Pour les utilisateurs de galerie, il est recommand\u00e9 d\u2019utiliser un filet pour maintenir en place tout votre mat\u00e9riel. Le filet <a href=\"https:\/\/boutique.trekking.fr\" target=\"_blank\" rel=\"noopener noreferrer\">TREKKING<\/a> est r\u00e9alis\u00e9 dans une maille \u00e9lastique de grande qualit\u00e9, imputrescible et r\u00e9sistante aux UV. Il est naturellement adaptable \u00e0 tous les types de galerie et tous les supports. Il peut \u00e9galement s&#8217;utiliser \u00e0 l&#8217;int\u00e9rieur d&#8217;un v\u00e9hicule ou dans une <a href=\"https:\/\/tentedetoit.trekking.fr\/categorie-produit\/tentes-de-toit\/https:\/\/tentedetoit.trekking.fr\/\">tente de toit<\/a>.<\/p>\n","protected":false},"excerpt":{"rendered":"<p>Dimensions filet de galerie \u00e9tir\u00e9 :<\/p>\n<ul>\n<li>Grand mod\u00e8le : 200 cm x 150 cm<\/li>\n<li>Petit mod\u00e8le : 170 x 100 cm<\/li>\n<\/ul>\n<p>Fixation universelle<\/p>\n","protected":false},"featured_media":341,"template":"","meta":{"_themeisle_gutenberg_block_has_review":false},"yoast_head":"<!-- This site is optimized with the Yoast SEO plugin v15.8 - https:\/\/yoast.com\/wordpress\/plugins\/seo\/ -->\n<title>Filet de galerie de toit pour s\u00e9curiser le mat\u00e9riel | Trekking<\/title>\n<meta name=\"description\" content=\"Ce filet de galerie de toit \u00e9lastique permet de s\u00e9curiser tout votre mat\u00e9riel. Con\u00e7u dans une maille \u00e9lastique de grande qualit\u00e9, imputrescible et r\u00e9sistante aux UV, il est naturellement adaptable \u00e0 tous les types de galerie et tous les supports.\" \/>\n<meta name=\"robots\" content=\"index, follow, max-snippet:-1, max-image-preview:large, max-video-preview:-1\" \/>\n<link rel=\"canonical\" href=\"https:\/\/tentedetoit.trekking.fr\/it\/produit\/filet-de-galerie-elastique\/\" \/>\n<meta property=\"og:locale\" content=\"it_IT\" \/>\n<meta property=\"og:type\" content=\"article\" \/>\n<meta property=\"og:title\" content=\"Filet de galerie de toit pour s\u00e9curiser le mat\u00e9riel | Trekking\" \/>\n<meta property=\"og:description\" content=\"Ce filet de galerie de toit \u00e9lastique permet de s\u00e9curiser tout votre mat\u00e9riel. Con\u00e7u dans une maille \u00e9lastique de grande qualit\u00e9, imputrescible et r\u00e9sistante aux UV, il est naturellement adaptable \u00e0 tous les types de galerie et tous les supports.\" \/>\n<meta property=\"og:url\" content=\"https:\/\/tentedetoit.trekking.fr\/it\/produit\/filet-de-galerie-elastique\/\" \/>\n<meta property=\"og:site_name\" content=\"Tente de Toit\" \/>\n<meta property=\"article:publisher\" content=\"https:\/\/www.facebook.com\/trekking.sarl\/\" \/>\n<meta property=\"article:modified_time\" content=\"2020-01-01T00:20:53+00:00\" \/>\n<meta property=\"og:image\" content=\"https:\/\/tentedetoit.trekking.fr\/wp-content\/uploads\/2018\/04\/filet-de-galerie-elastique.jpg\" \/>\n\t<meta property=\"og:image:width\" content=\"1000\" \/>\n\t<meta property=\"og:image:height\" content=\"556\" \/>\n<meta name=\"twitter:card\" content=\"summary_large_image\" \/>\n<script type=\"application\/ld+json\" class=\"yoast-schema-graph\">{\"@context\":\"https:\/\/schema.org\",\"@graph\":[{\"@type\":\"Organization\",\"@id\":\"https:\/\/tentedetoit.trekking.fr\/it\/#organization\",\"name\":\"Trekking Tentes de Toit\",\"url\":\"https:\/\/tentedetoit.trekking.fr\/it\/\",\"sameAs\":[\"https:\/\/www.facebook.com\/trekking.sarl\/\",\"https:\/\/www.youtube.com\/channel\/UCbR8MniCp3z7hugKdA3CvnQ\"],\"logo\":{\"@type\":\"ImageObject\",\"@id\":\"https:\/\/tentedetoit.trekking.fr\/it\/#logo\",\"inLanguage\":\"it\",\"url\":\"https:\/\/tentedetoit.trekking.fr\/wp-content\/uploads\/2018\/04\/OASIS-1.jpg\",\"width\":1024,\"height\":683,\"caption\":\"Trekking Tentes de Toit\"},\"image\":{\"@id\":\"https:\/\/tentedetoit.trekking.fr\/it\/#logo\"}},{\"@type\":\"WebSite\",\"@id\":\"https:\/\/tentedetoit.trekking.fr\/it\/#website\",\"url\":\"https:\/\/tentedetoit.trekking.fr\/it\/\",\"name\":\"Tente de Toit\",\"description\":\"Tente de toit pour voitures et 4x4\",\"publisher\":{\"@id\":\"https:\/\/tentedetoit.trekking.fr\/it\/#organization\"},\"potentialAction\":[{\"@type\":\"SearchAction\",\"target\":\"https:\/\/tentedetoit.trekking.fr\/it\/?s={search_term_string}\",\"query-input\":\"required name=search_term_string\"}],\"inLanguage\":\"it\"},{\"@type\":\"ImageObject\",\"@id\":\"https:\/\/tentedetoit.trekking.fr\/it\/produit\/filet-de-galerie-elastique\/#primaryimage\",\"inLanguage\":\"it\",\"url\":\"https:\/\/tentedetoit.trekking.fr\/wp-content\/uploads\/2018\/04\/filet-de-galerie-elastique.jpg\",\"width\":1000,\"height\":556,\"caption\":\"filet de galerie elastique\"},{\"@type\":\"WebPage\",\"@id\":\"https:\/\/tentedetoit.trekking.fr\/it\/produit\/filet-de-galerie-elastique\/#webpage\",\"url\":\"https:\/\/tentedetoit.trekking.fr\/it\/produit\/filet-de-galerie-elastique\/\",\"name\":\"Filet de galerie de toit pour s\\u00e9curiser le mat\\u00e9riel | Trekking\",\"isPartOf\":{\"@id\":\"https:\/\/tentedetoit.trekking.fr\/it\/#website\"},\"primaryImageOfPage\":{\"@id\":\"https:\/\/tentedetoit.trekking.fr\/it\/produit\/filet-de-galerie-elastique\/#primaryimage\"},\"datePublished\":\"2018-04-06T05:51:39+00:00\",\"dateModified\":\"2020-01-01T00:20:53+00:00\",\"description\":\"Ce filet de galerie de toit \\u00e9lastique permet de s\\u00e9curiser tout votre mat\\u00e9riel. Con\\u00e7u dans une maille \\u00e9lastique de grande qualit\\u00e9, imputrescible et r\\u00e9sistante aux UV, il est naturellement adaptable \\u00e0 tous les types de galerie et tous les supports.\",\"breadcrumb\":{\"@id\":\"https:\/\/tentedetoit.trekking.fr\/it\/produit\/filet-de-galerie-elastique\/#breadcrumb\"},\"inLanguage\":\"it\",\"potentialAction\":[{\"@type\":\"ReadAction\",\"target\":[\"https:\/\/tentedetoit.trekking.fr\/it\/produit\/filet-de-galerie-elastique\/\"]}]},{\"@type\":\"BreadcrumbList\",\"@id\":\"https:\/\/tentedetoit.trekking.fr\/it\/produit\/filet-de-galerie-elastique\/#breadcrumb\",\"itemListElement\":[{\"@type\":\"ListItem\",\"position\":1,\"item\":{\"@type\":\"WebPage\",\"@id\":\"https:\/\/tentedetoit.trekking.fr\/it\/\",\"url\":\"https:\/\/tentedetoit.trekking.fr\/it\/\",\"name\":\"Accueil\"}},{\"@type\":\"ListItem\",\"position\":2,\"item\":{\"@type\":\"WebPage\",\"@id\":\"https:\/\/tentedetoit.trekking.fr\/it\/\",\"url\":\"https:\/\/tentedetoit.trekking.fr\/it\/\",\"name\":\"Tenda da tetto per auto e 4&#215;4\"}},{\"@type\":\"ListItem\",\"position\":3,\"item\":{\"@type\":\"WebPage\",\"@id\":\"https:\/\/tentedetoit.trekking.fr\/it\/produit\/filet-de-galerie-elastique\/\",\"url\":\"https:\/\/tentedetoit.trekking.fr\/it\/produit\/filet-de-galerie-elastique\/\",\"name\":\"Filet de galerie \\u00e9lastique\"}}]}]}<\/script>\n<!-- \/ Yoast SEO plugin. -->","_links":{"self":[{"href":"https:\/\/tentedetoit.trekking.fr\/it\/wp-json\/wp\/v2\/product\/137"}],"collection":[{"href":"https:\/\/tentedetoit.trekking.fr\/it\/wp-json\/wp\/v2\/product"}],"about":[{"href":"https:\/\/tentedetoit.trekking.fr\/it\/wp-json\/wp\/v2\/types\/product"}],"version-history":[{"count":9,"href":"https:\/\/tentedetoit.trekking.fr\/it\/wp-json\/wp\/v2\/product\/137\/revisions"}],"predecessor-version":[{"id":884,"href":"https:\/\/tentedetoit.trekking.fr\/it\/wp-json\/wp\/v2\/product\/137\/revisions\/884"}],"wp:featuredmedia":[{"embeddable":true,"href":"https:\/\/tentedetoit.trekking.fr\/it\/wp-json\/wp\/v2\/media\/341"}],"wp:attachment":[{"href":"https:\/\/tentedetoit.trekking.fr\/it\/wp-json\/wp\/v2\/media?parent=137"}],"curies":[{"name":"wp","href":"https:\/\/api.w.org\/{rel}","templated":true}]}}